{"id":11640,"date":"2023-02-15T14:03:02","date_gmt":"2023-02-15T14:03:02","guid":{"rendered":"https:\/\/lextractivinternational.com\/produit\/loi-n0-2019-024-du-24-decembre-2019-portant-code-general-des-collectivites-territoriales-decentralisees\/"},"modified":"2023-02-15T14:03:02","modified_gmt":"2023-02-15T14:03:02","slug":"loi-n0-2019-024-du-24-decembre-2019-portant-code-general-des-collectivites-territoriales-decentralisees","status":"publish","type":"product","link":"https:\/\/lextractivinternational.com\/en\/produit\/loi-n0-2019-024-du-24-decembre-2019-portant-code-general-des-collectivites-territoriales-decentralisees\/","title":{"rendered":"Loi n0 2019\/024 du 24 d\u00e9cembre 2019 portant Code g\u00e9n\u00e9ral des Collectivit\u00e9s Territoriales d\u00e9centralis\u00e9es"},"content":{"rendered":"","protected":false},"excerpt":{"rendered":"","protected":false},"featured_media":0,"comment_status":"open","ping_status":"closed","template":"","meta":[],"product_brand":[],"product_cat":[112],"product_tag":[],"class_list":{"0":"post-11640","1":"product","2":"type-product","3":"status-publish","5":"product_cat-cameroun-en","7":"first","8":"instock","9":"downloadable","10":"virtual","11":"purchasable","12":"product-type-simple"},"_links":{"self":[{"href":"https:\/\/lextractivinternational.com\/en\/wp-json\/wp\/v2\/product\/11640","targetHints":{"allow":["GET"]}}],"collection":[{"href":"https:\/\/lextractivinternational.com\/en\/wp-json\/wp\/v2\/product"}],"about":[{"href":"https:\/\/lextractivinternational.com\/en\/wp-json\/wp\/v2\/types\/product"}],"replies":[{"embeddable":true,"href":"https:\/\/lextractivinternational.com\/en\/wp-json\/wp\/v2\/comments?post=11640"}],"wp:attachment":[{"href":"https:\/\/lextractivinternational.com\/en\/wp-json\/wp\/v2\/media?parent=11640"}],"wp:term":[{"taxonomy":"product_brand","embeddable":true,"href":"https:\/\/lextractivinternational.com\/en\/wp-json\/wp\/v2\/product_brand?post=11640"},{"taxonomy":"product_cat","embeddable":true,"href":"https:\/\/lextractivinternational.com\/en\/wp-json\/wp\/v2\/product_cat?post=11640"},{"taxonomy":"product_tag","embeddable":true,"href":"https:\/\/lextractivinternational.com\/en\/wp-json\/wp\/v2\/product_tag?post=11640"}],"curies":[{"name":"wp","href":"https:\/\/api.w.org\/{rel}","templated":true}]}}