{"id":11639,"date":"2023-02-15T14:03:38","date_gmt":"2023-02-15T14:03:38","guid":{"rendered":"https:\/\/lextractivinternational.com\/produit\/decret-2020-749-du-14-decembre-2020-portant-creation-de-la-societe-nationale-des-mines-sonamines\/"},"modified":"2023-02-15T14:03:38","modified_gmt":"2023-02-15T14:03:38","slug":"decret-2020-749-du-14-decembre-2020-portant-creation-de-la-societe-nationale-des-mines-sonamines","status":"publish","type":"product","link":"https:\/\/lextractivinternational.com\/en\/produit\/decret-2020-749-du-14-decembre-2020-portant-creation-de-la-societe-nationale-des-mines-sonamines\/","title":{"rendered":"D\u00e9cret 2020\/749 du 14 d\u00e9cembre 2020 portant cr\u00e9ation de la Soci\u00e9t\u00e9 Nationale des Mines (SONAMINES)"},"content":{"rendered":"","protected":false},"excerpt":{"rendered":"","protected":false},"featured_media":0,"comment_status":"open","ping_status":"closed","template":"","meta":[],"product_brand":[],"product_cat":[112],"product_tag":[],"class_list":{"0":"post-11639","1":"product","2":"type-product","3":"status-publish","5":"product_cat-cameroun-en","7":"first","8":"instock","9":"downloadable","10":"virtual","11":"purchasable","12":"product-type-simple"},"_links":{"self":[{"href":"https:\/\/lextractivinternational.com\/en\/wp-json\/wp\/v2\/product\/11639","targetHints":{"allow":["GET"]}}],"collection":[{"href":"https:\/\/lextractivinternational.com\/en\/wp-json\/wp\/v2\/product"}],"about":[{"href":"https:\/\/lextractivinternational.com\/en\/wp-json\/wp\/v2\/types\/product"}],"replies":[{"embeddable":true,"href":"https:\/\/lextractivinternational.com\/en\/wp-json\/wp\/v2\/comments?post=11639"}],"wp:attachment":[{"href":"https:\/\/lextractivinternational.com\/en\/wp-json\/wp\/v2\/media?parent=11639"}],"wp:term":[{"taxonomy":"product_brand","embeddable":true,"href":"https:\/\/lextractivinternational.com\/en\/wp-json\/wp\/v2\/product_brand?post=11639"},{"taxonomy":"product_cat","embeddable":true,"href":"https:\/\/lextractivinternational.com\/en\/wp-json\/wp\/v2\/product_cat?post=11639"},{"taxonomy":"product_tag","embeddable":true,"href":"https:\/\/lextractivinternational.com\/en\/wp-json\/wp\/v2\/product_tag?post=11639"}],"curies":[{"name":"wp","href":"https:\/\/api.w.org\/{rel}","templated":true}]}}