{"id":12604,"date":"2022-12-01T03:53:19","date_gmt":"2022-12-01T02:53:19","guid":{"rendered":"https:\/\/lextractivinternational.com\/our-customized-training-courses\/"},"modified":"2024-09-05T15:46:18","modified_gmt":"2024-09-05T13:46:18","slug":"our-customized-training-courses","status":"publish","type":"page","link":"https:\/\/lextractivinternational.com\/en\/our-customized-training-courses\/","title":{"rendered":"Our customized training courses"},"content":{"rendered":"\t\t<div data-elementor-type=\"wp-page\" data-elementor-id=\"12604\" class=\"elementor elementor-12604 elementor-44\" data-elementor-post-type=\"page\">\n\t\t\t\t\t\t<section class=\"elementor-section elementor-top-section elementor-element elementor-element-48d570fe elementor-section-height-min-height ct-section-stretched elementor-section-items-top elementor-section-content-top elementor-section-boxed elementor-section-height-default\" data-id=\"48d570fe\" data-element_type=\"section\" data-e-type=\"section\" data-settings=\"{&quot;background_background&quot;:&quot;classic&quot;}\">\n\t\t\t\t\t\t\t<div class=\"elementor-background-overlay\"><\/div>\n\t\t\t\t\t\t\t<div class=\"elementor-container elementor-column-gap-no\">\n\t\t\t\t\t<div class=\"elementor-column elementor-col-100 elementor-top-column elementor-element elementor-element-20cc3341\" data-id=\"20cc3341\" data-element_type=\"column\" data-e-type=\"column\">\n\t\t\t<div class=\"elementor-widget-wrap elementor-element-populated\">\n\t\t\t\t\t\t<div class=\"elementor-element elementor-element-291fde88 elementor-widget elementor-widget-heading\" data-id=\"291fde88\" data-element_type=\"widget\" data-e-type=\"widget\" data-widget_type=\"heading.default\">\n\t\t\t\t<div class=\"elementor-widget-container\">\n\t\t\t\t\t<h1 class=\"elementor-heading-title elementor-size-default\">Nos formations sur mesure <\/h1>\t\t\t\t<\/div>\n\t\t\t\t<\/div>\n\t\t\t\t<div class=\"elementor-element elementor-element-7da77351 elementor-widget-divider--view-line_icon elementor-view-default elementor-widget-divider--element-align-center elementor-widget elementor-widget-divider\" data-id=\"7da77351\" data-element_type=\"widget\" data-e-type=\"widget\" data-widget_type=\"divider.default\">\n\t\t\t\t<div class=\"elementor-widget-container\">\n\t\t\t\t\t\t\t<div class=\"elementor-divider\">\n\t\t\t<span class=\"elementor-divider-separator\">\n\t\t\t\t\t\t\t<div class=\"elementor-icon elementor-divider__element\">\n\t\t\t\t\t<i aria-hidden=\"true\" class=\"icofont icofont-learn\"><\/i><\/div>\n\t\t\t\t\t\t<\/span>\n\t\t<\/div>\n\t\t\t\t\t\t<\/div>\n\t\t\t\t<\/div>\n\t\t\t\t\t<\/div>\n\t\t<\/div>\n\t\t\t\t\t<\/div>\n\t\t<\/section>\n\t\t\t\t<section class=\"elementor-section elementor-top-section elementor-element elementor-element-2e21f0e elementor-section-boxed elementor-section-height-default elementor-section-height-default\" data-id=\"2e21f0e\" data-element_type=\"section\" data-e-type=\"section\">\n\t\t\t\t\t\t<div class=\"elementor-container elementor-column-gap-default\">\n\t\t\t\t\t<div class=\"elementor-column elementor-col-100 elementor-top-column elementor-element elementor-element-32b4fad\" data-id=\"32b4fad\" data-element_type=\"column\" data-e-type=\"column\" data-settings=\"{&quot;background_background&quot;:&quot;classic&quot;}\">\n\t\t\t<div class=\"elementor-widget-wrap elementor-element-populated\">\n\t\t\t\t\t\t<div class=\"elementor-element elementor-element-5c4c8ed6 elementor-widget elementor-widget-text-editor\" data-id=\"5c4c8ed6\" data-element_type=\"widget\" data-e-type=\"widget\" data-widget_type=\"text-editor.default\">\n\t\t\t\t<div class=\"elementor-widget-container\">\n\t\t\t\t\t\t\t\t\t<p>Nos formations sur carte et nos formations spontan\u00e9es ne correspondent pas exactement \u00e0 vos besoins en capacity building? Restez serein ! Faites-nous savoir votre besoin pr\u00e9cis en renforcement des capacit\u00e9s, via le formulaire <a href=\"https:\/\/lextractivinternational.com\/wp-content\/uploads\/2022\/12\/https:\/\/lextractivinternational.com\/contacter-le-cabinet-2\/\">ci-joint<\/a>. \u00a0<\/p>\n<p>Nous vous apportons une solution sous 72 h environ. Apr\u00e8s notre retour, consultez notre offre de formation sur mesure sur <strong>votre espace client<\/strong> et faites nous part de vos observations \u00e9ventuelles, avant l\u2019envoi sur votre espace client d\u2019un <strong>code promo projet par projet<\/strong>.<\/p>\n\t\t\t\t\t\t\t\t<\/div>\n\t\t\t\t<\/div>\n\t\t\t\t\t<\/div>\n\t\t<\/div>\n\t\t\t\t\t<\/div>\n\t\t<\/section>\n\t\t\t\t<\/div>\n\t\t","protected":false},"excerpt":{"rendered":"<p>Nos formations sur mesure Nos formations sur carte et nos formations spontan\u00e9es ne correspondent pas exactement \u00e0 vos besoins en capacity building? Restez serein ! Faites-nous savoir votre besoin pr\u00e9cis en renforcement des capacit\u00e9s, via le formulaire ci-joint. \u00a0 Nous vous apportons une solution sous 72 h environ. Apr\u00e8s notre retour, consultez notre offre de [&hellip;]<\/p>\n","protected":false},"author":1,"featured_media":0,"parent":0,"menu_order":0,"comment_status":"closed","ping_status":"closed","template":"","meta":{"footnotes":""},"class_list":["post-12604","page","type-page","status-publish","hentry"],"blocksy_meta":{"styles_descriptor":{"styles":{"desktop":"","tablet":"","mobile":""},"google_fonts":[],"version":6}},"_links":{"self":[{"href":"https:\/\/lextractivinternational.com\/en\/wp-json\/wp\/v2\/pages\/12604","targetHints":{"allow":["GET"]}}],"collection":[{"href":"https:\/\/lextractivinternational.com\/en\/wp-json\/wp\/v2\/pages"}],"about":[{"href":"https:\/\/lextractivinternational.com\/en\/wp-json\/wp\/v2\/types\/page"}],"author":[{"embeddable":true,"href":"https:\/\/lextractivinternational.com\/en\/wp-json\/wp\/v2\/users\/1"}],"replies":[{"embeddable":true,"href":"https:\/\/lextractivinternational.com\/en\/wp-json\/wp\/v2\/comments?post=12604"}],"version-history":[{"count":2,"href":"https:\/\/lextractivinternational.com\/en\/wp-json\/wp\/v2\/pages\/12604\/revisions"}],"predecessor-version":[{"id":12607,"href":"https:\/\/lextractivinternational.com\/en\/wp-json\/wp\/v2\/pages\/12604\/revisions\/12607"}],"wp:attachment":[{"href":"https:\/\/lextractivinternational.com\/en\/wp-json\/wp\/v2\/media?parent=12604"}],"curies":[{"name":"wp","href":"https:\/\/api.w.org\/{rel}","templated":true}]}}