{"id":12600,"date":"2022-12-01T04:01:30","date_gmt":"2022-12-01T03:01:30","guid":{"rendered":"https:\/\/lextractivinternational.com\/store\/"},"modified":"2024-09-05T15:46:18","modified_gmt":"2024-09-05T13:46:18","slug":"store","status":"publish","type":"page","link":"https:\/\/lextractivinternational.com\/en\/store\/","title":{"rendered":"Store"},"content":{"rendered":"\t\t<div data-elementor-type=\"wp-page\" data-elementor-id=\"12600\" class=\"elementor elementor-12600 elementor-56\" data-elementor-post-type=\"page\">\n\t\t\t\t\t\t<section class=\"elementor-section elementor-top-section elementor-element elementor-element-e8e08fd elementor-section-height-min-height ct-section-stretched elementor-section-items-top elementor-section-content-top elementor-section-boxed elementor-section-height-default\" data-id=\"e8e08fd\" data-element_type=\"section\" data-e-type=\"section\" data-settings=\"{&quot;background_background&quot;:&quot;classic&quot;}\">\n\t\t\t\t\t\t\t<div class=\"elementor-background-overlay\"><\/div>\n\t\t\t\t\t\t\t<div class=\"elementor-container elementor-column-gap-no\">\n\t\t\t\t\t<div class=\"elementor-column elementor-col-100 elementor-top-column elementor-element elementor-element-14a3ee4a\" data-id=\"14a3ee4a\" data-element_type=\"column\" data-e-type=\"column\">\n\t\t\t<div class=\"elementor-widget-wrap elementor-element-populated\">\n\t\t\t\t\t\t<div class=\"elementor-element elementor-element-14a6479b elementor-widget elementor-widget-heading\" data-id=\"14a6479b\" data-element_type=\"widget\" data-e-type=\"widget\" data-widget_type=\"heading.default\">\n\t\t\t\t<div class=\"elementor-widget-container\">\n\t\t\t\t\t<h1 class=\"elementor-heading-title elementor-size-default\">La Boutique<\/h1>\t\t\t\t<\/div>\n\t\t\t\t<\/div>\n\t\t\t\t<div class=\"elementor-element elementor-element-583d76ba elementor-widget-divider--view-line_icon elementor-view-default elementor-widget-divider--element-align-center elementor-widget elementor-widget-divider\" data-id=\"583d76ba\" data-element_type=\"widget\" data-e-type=\"widget\" data-widget_type=\"divider.default\">\n\t\t\t\t<div class=\"elementor-widget-container\">\n\t\t\t\t\t\t\t<div class=\"elementor-divider\">\n\t\t\t<span class=\"elementor-divider-separator\">\n\t\t\t\t\t\t\t<div class=\"elementor-icon elementor-divider__element\">\n\t\t\t\t\t<i aria-hidden=\"true\" class=\"mdi mdi-view-agenda\"><\/i><\/div>\n\t\t\t\t\t\t<\/span>\n\t\t<\/div>\n\t\t\t\t\t\t<\/div>\n\t\t\t\t<\/div>\n\t\t\t\t\t<\/div>\n\t\t<\/div>\n\t\t\t\t\t<\/div>\n\t\t<\/section>\n\t\t\t\t<section class=\"elementor-section elementor-top-section elementor-element elementor-element-1b4a5b7 elementor-section-height-min-height elementor-section-full_width elementor-section-height-default elementor-section-items-middle\" data-id=\"1b4a5b7\" data-element_type=\"section\" data-e-type=\"section\" data-settings=\"{&quot;background_background&quot;:&quot;classic&quot;}\">\n\t\t\t\t\t\t\t<div class=\"elementor-background-overlay\"><\/div>\n\t\t\t\t\t\t\t<div class=\"elementor-container elementor-column-gap-no\">\n\t\t\t\t\t<div class=\"elementor-column elementor-col-100 elementor-top-column elementor-element elementor-element-5fea0f5\" data-id=\"5fea0f5\" data-element_type=\"column\" data-e-type=\"column\">\n\t\t\t<div class=\"elementor-widget-wrap\">\n\t\t\t\t\t\t\t<\/div>\n\t\t<\/div>\n\t\t\t\t\t<\/div>\n\t\t<\/section>\n\t\t<div class=\"elementor-element elementor-element-92e7c5d e-flex e-con-boxed e-con e-parent\" data-id=\"92e7c5d\" data-element_type=\"container\" data-e-type=\"container\">\n\t\t\t\t\t<div class=\"e-con-inner\">\n\t\t\t\t<div class=\"elementor-element elementor-element-7937953 elementor-widget elementor-widget-heading\" data-id=\"7937953\" data-element_type=\"widget\" data-e-type=\"widget\" data-widget_type=\"heading.default\">\n\t\t\t\t<div class=\"elementor-widget-container\">\n\t\t\t\t\t<h2 class=\"elementor-heading-title elementor-size-default\">Nos moyens de paiement<\/h2>\t\t\t\t<\/div>\n\t\t\t\t<\/div>\n\t\t\t\t\t<\/div>\n\t\t\t\t<\/div>\n\t\t<div class=\"elementor-element elementor-element-b3a7642 e-flex e-con-boxed e-con e-parent\" data-id=\"b3a7642\" data-element_type=\"container\" data-e-type=\"container\">\n\t\t\t\t\t<div class=\"e-con-inner\">\n\t\t<div class=\"elementor-element elementor-element-77c141f3 e-con-full e-flex e-con e-child\" data-id=\"77c141f3\" data-element_type=\"container\" data-e-type=\"container\">\n\t\t\t\t<div class=\"elementor-element elementor-element-2e5221b3 elementor-widget elementor-widget-heading\" data-id=\"2e5221b3\" data-element_type=\"widget\" data-e-type=\"widget\" data-widget_type=\"heading.default\">\n\t\t\t\t<div class=\"elementor-widget-container\">\n\t\t\t\t\t<h2 class=\"elementor-heading-title elementor-size-default\">Virement bancaire pour\u00a0les\u00a0\u00e9trangers<\/h2>\t\t\t\t<\/div>\n\t\t\t\t<\/div>\n\t\t\t\t<div class=\"elementor-element elementor-element-f26cba1 elementor-widget elementor-widget-text-editor\" data-id=\"f26cba1\" data-element_type=\"widget\" data-e-type=\"widget\" data-widget_type=\"text-editor.default\">\n\t\t\t\t<div class=\"elementor-widget-container\">\n\t\t\t\t\t\t\t\t\t<p><strong>Intitul\u00e9 compte :<\/strong> Cabinet Lextractiv international<\/p>\n<p><strong>CODE SWIFT:<\/strong> CCEICMCXXXX<br \/><strong>IBAN:<\/strong> CM10005000010784159100195<br \/><img decoding=\"async\" class=\"alignnone size-medium wp-image-12459\" src=\"https:\/\/lextractivinternational.com\/wp-content\/uploads\/2023\/12\/Logo_Afriland-300x145.png\" alt=\"\" width=\"150\" height=\"145\" \/><\/p>\n\t\t\t\t\t\t\t\t<\/div>\n\t\t\t\t<\/div>\n\t\t\t\t<\/div>\n\t\t<div class=\"elementor-element elementor-element-5a41110 e-con-full e-flex e-con e-child\" data-id=\"5a41110\" data-element_type=\"container\" data-e-type=\"container\">\n\t\t\t\t<div class=\"elementor-element elementor-element-2b537296 elementor-widget elementor-widget-image\" data-id=\"2b537296\" data-element_type=\"widget\" data-e-type=\"widget\" data-widget_type=\"image.default\">\n\t\t\t\t<div class=\"elementor-widget-container\">\n\t\t\t\t\t\t\t\t\t\t\t\t\t\t\t\t<a href=\"https:\/\/mi.ynote.africa\/fr\/customer\/deposit\/277\">\n\t\t\t\t\t\t\t<img fetchpriority=\"high\" decoding=\"async\" width=\"1024\" height=\"724\" src=\"https:\/\/lextractivinternational.com\/wp-content\/uploads\/2023\/12\/10002-1-1-1024x724.png\" class=\"attachment-large size-large wp-image-12465\" alt=\"\" srcset=\"https:\/\/lextractivinternational.com\/wp-content\/uploads\/2023\/12\/10002-1-1-1024x724.png 1024w, https:\/\/lextractivinternational.com\/wp-content\/uploads\/2023\/12\/10002-1-1-300x212.png 300w, https:\/\/lextractivinternational.com\/wp-content\/uploads\/2023\/12\/10002-1-1-768x543.png 768w, https:\/\/lextractivinternational.com\/wp-content\/uploads\/2023\/12\/10002-1-1-1536x1086.png 1536w, https:\/\/lextractivinternational.com\/wp-content\/uploads\/2023\/12\/10002-1-1-2048x1448.png 2048w, https:\/\/lextractivinternational.com\/wp-content\/uploads\/2023\/12\/10002-1-1-600x424.png 600w\" sizes=\"(max-width: 1024px) 100vw, 1024px\" \/>\t\t\t\t\t\t\t\t<\/a>\n\t\t\t\t\t\t\t\t\t\t\t\t\t\t\t<\/div>\n\t\t\t\t<\/div>\n\t\t\t\t<\/div>\n\t\t<div class=\"elementor-element elementor-element-4e36d214 e-con-full e-flex e-con e-child\" data-id=\"4e36d214\" data-element_type=\"container\" data-e-type=\"container\">\n\t\t\t\t<div class=\"elementor-element elementor-element-23bcea18 elementor-widget elementor-widget-image\" data-id=\"23bcea18\" data-element_type=\"widget\" data-e-type=\"widget\" data-widget_type=\"image.default\">\n\t\t\t\t<div class=\"elementor-widget-container\">\n\t\t\t\t\t\t\t\t\t\t\t\t\t\t\t<img decoding=\"async\" width=\"720\" height=\"720\" src=\"https:\/\/lextractivinternational.com\/wp-content\/uploads\/2023\/12\/1648544928638-1.webp\" class=\"attachment-large size-large wp-image-12467\" alt=\"\" srcset=\"https:\/\/lextractivinternational.com\/wp-content\/uploads\/2023\/12\/1648544928638-1.webp 720w, https:\/\/lextractivinternational.com\/wp-content\/uploads\/2023\/12\/1648544928638-1-300x300.webp 300w, https:\/\/lextractivinternational.com\/wp-content\/uploads\/2023\/12\/1648544928638-1-150x150.webp 150w, https:\/\/lextractivinternational.com\/wp-content\/uploads\/2023\/12\/1648544928638-1-500x500.webp 500w, https:\/\/lextractivinternational.com\/wp-content\/uploads\/2023\/12\/1648544928638-1-600x600.webp 600w, https:\/\/lextractivinternational.com\/wp-content\/uploads\/2023\/12\/1648544928638-1-100x100.webp 100w\" sizes=\"(max-width: 720px) 100vw, 720px\" \/>\t\t\t\t\t\t\t\t\t\t\t\t\t\t\t<\/div>\n\t\t\t\t<\/div>\n\t\t\t\t<\/div>\n\t\t<div class=\"elementor-element elementor-element-24d40b72 e-con-full e-flex e-con e-child\" data-id=\"24d40b72\" data-element_type=\"container\" data-e-type=\"container\">\n\t\t\t\t<div class=\"elementor-element elementor-element-1c38a46e elementor-widget elementor-widget-image\" data-id=\"1c38a46e\" data-element_type=\"widget\" data-e-type=\"widget\" data-widget_type=\"image.default\">\n\t\t\t\t<div class=\"elementor-widget-container\">\n\t\t\t\t\t\t\t\t\t\t\t\t\t\t\t<img loading=\"lazy\" decoding=\"async\" width=\"350\" height=\"350\" src=\"https:\/\/lextractivinternational.com\/wp-content\/uploads\/2023\/12\/Orange-money-1.webp\" class=\"attachment-large size-large wp-image-12469\" alt=\"\" srcset=\"https:\/\/lextractivinternational.com\/wp-content\/uploads\/2023\/12\/Orange-money-1.webp 350w, https:\/\/lextractivinternational.com\/wp-content\/uploads\/2023\/12\/Orange-money-1-300x300.webp 300w, https:\/\/lextractivinternational.com\/wp-content\/uploads\/2023\/12\/Orange-money-1-150x150.webp 150w, https:\/\/lextractivinternational.com\/wp-content\/uploads\/2023\/12\/Orange-money-1-100x100.webp 100w\" sizes=\"(max-width: 350px) 100vw, 350px\" \/>\t\t\t\t\t\t\t\t\t\t\t\t\t\t\t<\/div>\n\t\t\t\t<\/div>\n\t\t\t\t<\/div>\n\t\t\t\t\t<\/div>\n\t\t\t\t<\/div>\n\t\t\t\t<\/div>\n\t\t","protected":false},"excerpt":{"rendered":"<p>La Boutique Add to cart Rated 0 out of 5 LA TRANSPARENCE DES INDUSTRIES&#8230;. 2.00&euro; Add to cart Rated 0 out of 5 La conception camerounaise de la l\u00e9galit\u00e9 administrative&#8230; 39.00&euro; Add to cart Rated 0 out of 5 D\u00e9cret et 2020\/750 du 14 d\u00e9cembre 2020 portant approbation des statuts de la SONAMINES 2.00&euro; Add [&hellip;]<\/p>\n","protected":false},"author":1,"featured_media":0,"parent":0,"menu_order":0,"comment_status":"closed","ping_status":"closed","template":"","meta":{"footnotes":""},"class_list":["post-12600","page","type-page","status-publish","hentry"],"blocksy_meta":{"styles_descriptor":{"styles":{"desktop":"","tablet":"","mobile":""},"google_fonts":[],"version":6}},"_links":{"self":[{"href":"https:\/\/lextractivinternational.com\/en\/wp-json\/wp\/v2\/pages\/12600","targetHints":{"allow":["GET"]}}],"collection":[{"href":"https:\/\/lextractivinternational.com\/en\/wp-json\/wp\/v2\/pages"}],"about":[{"href":"https:\/\/lextractivinternational.com\/en\/wp-json\/wp\/v2\/types\/page"}],"author":[{"embeddable":true,"href":"https:\/\/lextractivinternational.com\/en\/wp-json\/wp\/v2\/users\/1"}],"replies":[{"embeddable":true,"href":"https:\/\/lextractivinternational.com\/en\/wp-json\/wp\/v2\/comments?post=12600"}],"version-history":[{"count":5,"href":"https:\/\/lextractivinternational.com\/en\/wp-json\/wp\/v2\/pages\/12600\/revisions"}],"predecessor-version":[{"id":12614,"href":"https:\/\/lextractivinternational.com\/en\/wp-json\/wp\/v2\/pages\/12600\/revisions\/12614"}],"wp:attachment":[{"href":"https:\/\/lextractivinternational.com\/en\/wp-json\/wp\/v2\/media?parent=12600"}],"curies":[{"name":"wp","href":"https:\/\/api.w.org\/{rel}","templated":true}]}}