{"id":12594,"date":"2022-12-01T03:42:00","date_gmt":"2022-12-01T02:42:00","guid":{"rendered":"https:\/\/lextractivinternational.com\/presentation-5\/"},"modified":"2024-09-05T15:46:14","modified_gmt":"2024-09-05T13:46:14","slug":"presentation-5","status":"publish","type":"page","link":"https:\/\/lextractivinternational.com\/en\/presentation-5\/","title":{"rendered":"Presentation"},"content":{"rendered":"\t\t<div data-elementor-type=\"wp-page\" data-elementor-id=\"12594\" class=\"elementor elementor-12594 elementor-34\" data-elementor-post-type=\"page\">\n\t\t\t\t\t\t<section class=\"elementor-section elementor-top-section elementor-element elementor-element-7ad1e2f9 elementor-section-height-min-height ct-section-stretched elementor-section-items-top elementor-section-content-top elementor-section-boxed elementor-section-height-default\" data-id=\"7ad1e2f9\" data-element_type=\"section\" data-e-type=\"section\" data-settings=\"{&quot;background_background&quot;:&quot;classic&quot;}\">\n\t\t\t\t\t\t\t<div class=\"elementor-background-overlay\"><\/div>\n\t\t\t\t\t\t\t<div class=\"elementor-container elementor-column-gap-no\">\n\t\t\t\t\t<div class=\"elementor-column elementor-col-100 elementor-top-column elementor-element elementor-element-5953316a\" data-id=\"5953316a\" data-element_type=\"column\" data-e-type=\"column\">\n\t\t\t<div class=\"elementor-widget-wrap elementor-element-populated\">\n\t\t\t\t\t\t<div class=\"elementor-element elementor-element-1d42beb8 elementor-widget elementor-widget-heading\" data-id=\"1d42beb8\" data-element_type=\"widget\" data-e-type=\"widget\" data-widget_type=\"heading.default\">\n\t\t\t\t<div class=\"elementor-widget-container\">\n\t\t\t\t\t<h1 class=\"elementor-heading-title elementor-size-default\">Pr\u00e9sentation<\/h1>\t\t\t\t<\/div>\n\t\t\t\t<\/div>\n\t\t\t\t<div class=\"elementor-element elementor-element-14c35d30 elementor-widget-divider--view-line_icon elementor-view-default elementor-widget-divider--element-align-center elementor-widget elementor-widget-divider\" data-id=\"14c35d30\" data-element_type=\"widget\" data-e-type=\"widget\" data-widget_type=\"divider.default\">\n\t\t\t\t<div class=\"elementor-widget-container\">\n\t\t\t\t\t\t\t<div class=\"elementor-divider\">\n\t\t\t<span class=\"elementor-divider-separator\">\n\t\t\t\t\t\t\t<div class=\"elementor-icon elementor-divider__element\">\n\t\t\t\t\t<i aria-hidden=\"true\" class=\"mdi mdi-find-replace\"><\/i><\/div>\n\t\t\t\t\t\t<\/span>\n\t\t<\/div>\n\t\t\t\t\t\t<\/div>\n\t\t\t\t<\/div>\n\t\t\t\t\t<\/div>\n\t\t<\/div>\n\t\t\t\t\t<\/div>\n\t\t<\/section>\n\t\t\t\t<section class=\"elementor-section elementor-top-section elementor-element elementor-element-ded9cdb elementor-section-boxed elementor-section-height-default elementor-section-height-default\" data-id=\"ded9cdb\" data-element_type=\"section\" data-e-type=\"section\">\n\t\t\t\t\t\t<div class=\"elementor-container elementor-column-gap-default\">\n\t\t\t\t\t<div class=\"elementor-column elementor-col-100 elementor-top-column elementor-element elementor-element-663486a\" data-id=\"663486a\" data-element_type=\"column\" data-e-type=\"column\" data-settings=\"{&quot;background_background&quot;:&quot;classic&quot;}\">\n\t\t\t<div class=\"elementor-widget-wrap elementor-element-populated\">\n\t\t\t\t\t\t<div class=\"elementor-element elementor-element-5a6906b elementor-widget elementor-widget-text-editor\" data-id=\"5a6906b\" data-element_type=\"widget\" data-e-type=\"widget\" data-widget_type=\"text-editor.default\">\n\t\t\t\t<div class=\"elementor-widget-container\">\n\t\t\t\t\t\t\t\t\t<p><strong>Lextractiv Consulting <\/strong>est la sous-marque embl\u00e9matique du cabinet Lextractiv international, apr\u00e8s la sous-marque <strong>RELEXT<\/strong> consacr\u00e9e \u00e0 la recherche scientifique dans le secteur extractif. Si cette sous-marque est \u00e0 but non lucratif, ce n\u2019est pas le cas pour Lextractiv Consulting qui nous permet de commercialiser nos services d\u2019\u00e9tudes et de conseil juridiques et para Juridiques en Afrique et dans le monde. Nos prestations sont r\u00e9alis\u00e9es <em>in situ et\/ou ex situ<\/em>, mais surtout en ligne. Nous disposons \u00e0 cet effet d\u2019une plateforme digitale pour nos services, faisant de nous une <strong>LegalTech. <\/strong>Nous offrons \u00e9galement \u00e0 titre compl\u00e9mentaire sur notre plateforme, certaines prestations \u00e0 caract\u00e8re financier, faisant de nous une <strong>FinTech, <\/strong>dans une certaine mesure.<\/p>\n<p><strong>Notre audience est internationale<\/strong>. Elle couvre tous les acteurs publics et priv\u00e9s des industries extractives. Il s\u2019agit notamment\u00a0des : gouvernements, multinationales extractives, cabinets d\u2019avocats et autres experts de l\u2019extraction, ONG du domaine, institutions financi\u00e8res internationales comme le FMI et la Banque mondiale, ONU, BERD, BEI et agences de cr\u00e9dit \u00e0 l\u2019exportation, institutions et fondations de recherche publiques ou priv\u00e9es, organisations des populations autochtones, communaut\u00e9s affect\u00e9es et organisations bas\u00e9es sur la communaut\u00e9, et les syndicats du secteur de l\u2019extraction.<\/p>\n<p>Nos activit\u00e9s de consulting dans le secteur minier et connexe couvrent quatre domaines de comp\u00e9tences ou types de services \u00e0 savoir:<\/p>\n<ul>\n<li><a href=\"https:\/\/lextractivinternational.com\/lextractiv-consulting\/etudes-et-conseil\/\">\u00a0Les \u00e9tudes et conseil proprement dit ;<\/a><\/li>\n<li><a href=\"https:\/\/lextractivinternational.com\/lextractiv-consulting\/audits-conformite-et-certification\/\">\u00a0L\u2019audit, la conformit\u00e9 et la certification;<\/a><\/li>\n<li><a href=\"https:\/\/lextractivinternational.com\/lextractiv-consulting\/representation-commerciale\/\">La repr\u00e9sentation commerciale ;<\/a>\u00a0<\/li>\n<li><a href=\"https:\/\/lextractivinternational.com\/lextractiv-consulting\/evenementiel-minier\/\">L\u2019\u00e9v\u00e8nementiel minier.\u00a0<\/a><\/li>\n<\/ul>\n\t\t\t\t\t\t\t\t<\/div>\n\t\t\t\t<\/div>\n\t\t\t\t\t<\/div>\n\t\t<\/div>\n\t\t\t\t\t<\/div>\n\t\t<\/section>\n\t\t\t\t<\/div>\n\t\t","protected":false},"excerpt":{"rendered":"<p>Pr\u00e9sentation Lextractiv Consulting est la sous-marque embl\u00e9matique du cabinet Lextractiv international, apr\u00e8s la sous-marque RELEXT consacr\u00e9e \u00e0 la recherche scientifique dans le secteur extractif. Si cette sous-marque est \u00e0 but non lucratif, ce n\u2019est pas le cas pour Lextractiv Consulting qui nous permet de commercialiser nos services d\u2019\u00e9tudes et de conseil juridiques et para Juridiques [&hellip;]<\/p>\n","protected":false},"author":1,"featured_media":0,"parent":0,"menu_order":0,"comment_status":"closed","ping_status":"closed","template":"","meta":{"footnotes":""},"class_list":["post-12594","page","type-page","status-publish","hentry"],"blocksy_meta":{"styles_descriptor":{"styles":{"desktop":"","tablet":"","mobile":""},"google_fonts":[],"version":6}},"_links":{"self":[{"href":"https:\/\/lextractivinternational.com\/en\/wp-json\/wp\/v2\/pages\/12594","targetHints":{"allow":["GET"]}}],"collection":[{"href":"https:\/\/lextractivinternational.com\/en\/wp-json\/wp\/v2\/pages"}],"about":[{"href":"https:\/\/lextractivinternational.com\/en\/wp-json\/wp\/v2\/types\/page"}],"author":[{"embeddable":true,"href":"https:\/\/lextractivinternational.com\/en\/wp-json\/wp\/v2\/users\/1"}],"replies":[{"embeddable":true,"href":"https:\/\/lextractivinternational.com\/en\/wp-json\/wp\/v2\/comments?post=12594"}],"version-history":[{"count":2,"href":"https:\/\/lextractivinternational.com\/en\/wp-json\/wp\/v2\/pages\/12594\/revisions"}],"predecessor-version":[{"id":12598,"href":"https:\/\/lextractivinternational.com\/en\/wp-json\/wp\/v2\/pages\/12594\/revisions\/12598"}],"wp:attachment":[{"href":"https:\/\/lextractivinternational.com\/en\/wp-json\/wp\/v2\/media?parent=12594"}],"curies":[{"name":"wp","href":"https:\/\/api.w.org\/{rel}","templated":true}]}}