{"id":12582,"date":"2022-12-21T17:12:14","date_gmt":"2022-12-21T16:12:14","guid":{"rendered":"https:\/\/lextractivinternational.com\/e-lext\/"},"modified":"2024-09-05T15:46:09","modified_gmt":"2024-09-05T13:46:09","slug":"e-lext","status":"publish","type":"page","link":"https:\/\/lextractivinternational.com\/en\/e-lext\/","title":{"rendered":"E-LEXT"},"content":{"rendered":"\t\t<div data-elementor-type=\"wp-page\" data-elementor-id=\"12582\" class=\"elementor elementor-12582 elementor-86\" data-elementor-post-type=\"page\">\n\t\t\t\t\t\t<section class=\"elementor-section elementor-top-section elementor-element elementor-element-8b03d23 elementor-section-height-min-height elementor-section-boxed elementor-section-height-default elementor-section-items-middle\" data-id=\"8b03d23\" data-element_type=\"section\" data-e-type=\"section\" data-settings=\"{&quot;background_background&quot;:&quot;classic&quot;}\">\n\t\t\t\t\t\t\t<div class=\"elementor-background-overlay\"><\/div>\n\t\t\t\t\t\t\t<div class=\"elementor-container elementor-column-gap-no\">\n\t\t\t\t\t<div class=\"elementor-column elementor-col-100 elementor-top-column elementor-element elementor-element-1731567f\" data-id=\"1731567f\" data-element_type=\"column\" data-e-type=\"column\">\n\t\t\t<div class=\"elementor-widget-wrap elementor-element-populated\">\n\t\t\t\t\t\t<div class=\"elementor-element elementor-element-7563a172 elementor-widget elementor-widget-heading\" data-id=\"7563a172\" data-element_type=\"widget\" data-e-type=\"widget\" data-widget_type=\"heading.default\">\n\t\t\t\t<div class=\"elementor-widget-container\">\n\t\t\t\t\t<h1 class=\"elementor-heading-title elementor-size-default\">E-LEXT<\/h1>\t\t\t\t<\/div>\n\t\t\t\t<\/div>\n\t\t\t\t<div class=\"elementor-element elementor-element-fd4a8c5 elementor-widget elementor-widget-heading\" data-id=\"fd4a8c5\" data-element_type=\"widget\" data-e-type=\"widget\" data-widget_type=\"heading.default\">\n\t\t\t\t<div class=\"elementor-widget-container\">\n\t\t\t\t\t<h2 class=\"elementor-heading-title elementor-size-default\">L\u2019\u00e9diteur num\u00e9rique des industries extractives<\/h2>\t\t\t\t<\/div>\n\t\t\t\t<\/div>\n\t\t\t\t<div class=\"elementor-element elementor-element-56ff7d25 elementor-widget-divider--view-line elementor-widget elementor-widget-divider\" data-id=\"56ff7d25\" data-element_type=\"widget\" data-e-type=\"widget\" data-widget_type=\"divider.default\">\n\t\t\t\t<div class=\"elementor-widget-container\">\n\t\t\t\t\t\t\t<div class=\"elementor-divider\">\n\t\t\t<span class=\"elementor-divider-separator\">\n\t\t\t\t\t\t<\/span>\n\t\t<\/div>\n\t\t\t\t\t\t<\/div>\n\t\t\t\t<\/div>\n\t\t\t\t<div class=\"elementor-element elementor-element-42b43104 elementor-widget elementor-widget-text-editor\" data-id=\"42b43104\" data-element_type=\"widget\" data-e-type=\"widget\" data-widget_type=\"text-editor.default\">\n\t\t\t\t<div class=\"elementor-widget-container\">\n\t\t\t\t\t\t\t\t\t<p>Bienvenue sur la page d\u2019<strong>E.LEXT<\/strong>, l\u2019\u00e9diteur num\u00e9rique incorpor\u00e9 \u00e0 Lextractiv international.<\/p>\n<p>En tant que support \u00e9ditorial du cabinet, nous portons tous ses projets d\u2019\u00e9dition, principalement num\u00e9riques, au regard de son engagement \u00e9cologique et climatique. Voil\u00e0 pourquoi nous \u00e9ditons la <strong>RELEXT<\/strong> sous la banni\u00e8re du cabinet, que ce soit la revue ou la collection.<\/p>\n<p>\u00a0<\/p>\n<p>Attach\u00e9 <a href=\"https:\/\/lextractivinternational.com\/le-cabinet\/nos-valeurs\/\">aux valeurs du cabinet consultables ici,<\/a> telles que le professionnalisme, nous nous engageons \u00e0 vous fournir un service d\u2019excellente qualit\u00e9, \u00e0 la hauteur des ambitions du cabinet, d\u2019o\u00f9 notre partenariat avec le g\u00e9ant mondial <strong>LEXISNEXIS<\/strong> qu\u2019on ne pr\u00e9sente plus, l\u2019\u00e9diteur professionnel juridique et para juridique <strong>n\u00b0 1 au niveau mondial<\/strong>, pr\u00e9sent dans plus de 100 pays.<\/p>\n<p><strong>\u00a0<\/strong><\/p>\n<p>Grace \u00e0 cet attachement au professionnalisme, doubl\u00e9 des valeurs \u00e9thiques issues de la durabilit\u00e9 du cabinet, nous effectuons tout le processus d\u2019\u00e9dition de la RELEXT sur une plateforme de Workflow \u00e9ditorial, afin d\u2019assurer l\u2019excellence, le leadership et la durabilit\u00e9 de la RELEXT.<\/p>\n<p>\u00a0<\/p>\n<p><strong>Vous \u00eates int\u00e9ress\u00e9\u00a0? Veuillez t\u00e9l\u00e9verser votre manuscrit sur la plateforme de Workflow editorial de la RELEXT \u00e0 l\u2019adresse <\/strong><a href=\"https:\/\/lextractivinternational.com\/RELEXTonline\"><strong>https:\/\/lextract<\/strong><strong>ivinternational.com<\/strong><strong>\/RELEXTonline<\/strong><\/a><\/p>\n<p>\u00a0<\/p>\n<p>En cas de difficult\u00e9 technique, veuillez contacter notre webmaster au\u00a0: <a href=\"mailto:dkamgang@lextractivinternational.com\">dkamgang@lextractivinternational.com<\/a> \u00a0ou notre editorial master au <a href=\"mailto:e.lext@lextractivinternational.com\">e.lext@lextractivinternational.com<\/a> \/<\/p>\n<p>\u00a0<\/p>\n<p><strong>Avec E-LEXT, la communaut\u00e9 de l\u2019extraction a d\u00e9sormais son \u00e9diteur\u00a0!<\/strong><\/p>\n<p>\u00a0<\/p>\n<p>En soutenant E.LEXT, vous soutenez la communaut\u00e9 et contribuez \u00e0 la rendre plus responsable et durable.<\/p>\n<p><a href=\"https:\/\/lextractivinternational.com\/faire-un-don-3\/\">Soutenez-nous\u00a0!<\/a><\/p>\n\t\t\t\t\t\t\t\t<\/div>\n\t\t\t\t<\/div>\n\t\t\t\t<div class=\"elementor-element elementor-element-523e06a9 elementor-widget elementor-widget-spacer\" data-id=\"523e06a9\" data-element_type=\"widget\" data-e-type=\"widget\" data-widget_type=\"spacer.default\">\n\t\t\t\t<div class=\"elementor-widget-container\">\n\t\t\t\t\t\t\t<div class=\"elementor-spacer\">\n\t\t\t<div class=\"elementor-spacer-inner\"><\/div>\n\t\t<\/div>\n\t\t\t\t\t\t<\/div>\n\t\t\t\t<\/div>\n\t\t\t\t\t<\/div>\n\t\t<\/div>\n\t\t\t\t\t<\/div>\n\t\t<\/section>\n\t\t\t\t<\/div>\n\t\t","protected":false},"excerpt":{"rendered":"<p>E-LEXT L\u2019\u00e9diteur num\u00e9rique des industries extractives Bienvenue sur la page d\u2019E.LEXT, l\u2019\u00e9diteur num\u00e9rique incorpor\u00e9 \u00e0 Lextractiv international. En tant que support \u00e9ditorial du cabinet, nous portons tous ses projets d\u2019\u00e9dition, principalement num\u00e9riques, au regard de son engagement \u00e9cologique et climatique. Voil\u00e0 pourquoi nous \u00e9ditons la RELEXT sous la banni\u00e8re du cabinet, que ce soit la [&hellip;]<\/p>\n","protected":false},"author":1,"featured_media":0,"parent":0,"menu_order":0,"comment_status":"closed","ping_status":"closed","template":"","meta":{"footnotes":""},"class_list":["post-12582","page","type-page","status-publish","hentry"],"blocksy_meta":{"styles_descriptor":{"styles":{"desktop":"","tablet":"","mobile":""},"google_fonts":[],"version":6}},"_links":{"self":[{"href":"https:\/\/lextractivinternational.com\/en\/wp-json\/wp\/v2\/pages\/12582","targetHints":{"allow":["GET"]}}],"collection":[{"href":"https:\/\/lextractivinternational.com\/en\/wp-json\/wp\/v2\/pages"}],"about":[{"href":"https:\/\/lextractivinternational.com\/en\/wp-json\/wp\/v2\/types\/page"}],"author":[{"embeddable":true,"href":"https:\/\/lextractivinternational.com\/en\/wp-json\/wp\/v2\/users\/1"}],"replies":[{"embeddable":true,"href":"https:\/\/lextractivinternational.com\/en\/wp-json\/wp\/v2\/comments?post=12582"}],"version-history":[{"count":3,"href":"https:\/\/lextractivinternational.com\/en\/wp-json\/wp\/v2\/pages\/12582\/revisions"}],"predecessor-version":[{"id":12589,"href":"https:\/\/lextractivinternational.com\/en\/wp-json\/wp\/v2\/pages\/12582\/revisions\/12589"}],"wp:attachment":[{"href":"https:\/\/lextractivinternational.com\/en\/wp-json\/wp\/v2\/media?parent=12582"}],"curies":[{"name":"wp","href":"https:\/\/api.w.org\/{rel}","templated":true}]}}